{"id":170,"date":"2024-07-29T12:16:40","date_gmt":"2024-07-29T15:16:40","guid":{"rendered":"https:\/\/robledoabog.com\/?page_id=170"},"modified":"2024-09-16T21:12:40","modified_gmt":"2024-09-17T00:12:40","slug":"inversiones-y-desarrollos-mineros","status":"publish","type":"page","link":"https:\/\/robledoabog.com\/?page_id=170","title":{"rendered":"INVERSIONES Y DESARROLLOS MINEROS"},"content":{"rendered":"\t\t<div data-elementor-type=\"wp-page\" data-elementor-id=\"170\" class=\"elementor elementor-170\">\n\t\t\t\t<div class=\"elementor-element elementor-element-72d9b90 e-flex e-con-boxed e-con e-parent\" data-id=\"72d9b90\" data-element_type=\"container\">\n\t\t\t\t\t<div class=\"e-con-inner\">\n\t\t\t\t<div class=\"elementor-element elementor-element-8771691 elementor-widget elementor-widget-spacer\" data-id=\"8771691\" data-element_type=\"widget\" data-widget_type=\"spacer.default\">\n\t\t\t\t<div class=\"elementor-widget-container\">\n\t\t\t<style>\/*! elementor - v3.23.0 - 25-07-2024 *\/\n.elementor-column .elementor-spacer-inner{height:var(--spacer-size)}.e-con{--container-widget-width:100%}.e-con-inner>.elementor-widget-spacer,.e-con>.elementor-widget-spacer{width:var(--container-widget-width,var(--spacer-size));--align-self:var(--container-widget-align-self,initial);--flex-shrink:0}.e-con-inner>.elementor-widget-spacer>.elementor-widget-container,.e-con>.elementor-widget-spacer>.elementor-widget-container{height:100%;width:100%}.e-con-inner>.elementor-widget-spacer>.elementor-widget-container>.elementor-spacer,.e-con>.elementor-widget-spacer>.elementor-widget-container>.elementor-spacer{height:100%}.e-con-inner>.elementor-widget-spacer>.elementor-widget-container>.elementor-spacer>.elementor-spacer-inner,.e-con>.elementor-widget-spacer>.elementor-widget-container>.elementor-spacer>.elementor-spacer-inner{height:var(--container-widget-height,var(--spacer-size))}.e-con-inner>.elementor-widget-spacer.elementor-widget-empty,.e-con>.elementor-widget-spacer.elementor-widget-empty{position:relative;min-height:22px;min-width:22px}.e-con-inner>.elementor-widget-spacer.elementor-widget-empty .elementor-widget-empty-icon,.e-con>.elementor-widget-spacer.elementor-widget-empty .elementor-widget-empty-icon{position:absolute;top:0;bottom:0;left:0;right:0;margin:auto;padding:0;width:22px;height:22px}<\/style>\t\t<div class=\"elementor-spacer\">\n\t\t\t<div class=\"elementor-spacer-inner\"><\/div>\n\t\t<\/div>\n\t\t\t\t<\/div>\n\t\t\t\t<\/div>\n\t\t\t\t<div class=\"elementor-element elementor-element-bf1f9f6 elementor-widget elementor-widget-image\" data-id=\"bf1f9f6\" data-element_type=\"widget\" data-widget_type=\"image.default\">\n\t\t\t\t<div class=\"elementor-widget-container\">\n\t\t\t<style>\/*! elementor - v3.23.0 - 25-07-2024 *\/\n.elementor-widget-image{text-align:center}.elementor-widget-image a{display:inline-block}.elementor-widget-image a img[src$=\".svg\"]{width:48px}.elementor-widget-image img{vertical-align:middle;display:inline-block}<\/style>\t\t\t\t\t\t\t\t\t\t<img fetchpriority=\"high\" decoding=\"async\" width=\"750\" height=\"500\" src=\"https:\/\/robledoabog.com\/wp-content\/uploads\/2024\/07\/litio-atacama-reuters.jpg_879771447.jpg\" class=\"attachment-large size-large wp-image-203\" alt=\"\" srcset=\"https:\/\/robledoabog.com\/wp-content\/uploads\/2024\/07\/litio-atacama-reuters.jpg_879771447.jpg 864w, https:\/\/robledoabog.com\/wp-content\/uploads\/2024\/07\/litio-atacama-reuters.jpg_879771447-300x200.jpg 300w, https:\/\/robledoabog.com\/wp-content\/uploads\/2024\/07\/litio-atacama-reuters.jpg_879771447-768x512.jpg 768w, https:\/\/robledoabog.com\/wp-content\/uploads\/2024\/07\/litio-atacama-reuters.jpg_879771447-360x240.jpg 360w\" sizes=\"(max-width: 750px) 100vw, 750px\" \/>\t\t\t\t\t\t\t\t\t\t\t\t\t<\/div>\n\t\t\t\t<\/div>\n\t\t\t\t<div class=\"elementor-element elementor-element-4fd3ab0 elementor-widget elementor-widget-spacer\" data-id=\"4fd3ab0\" data-element_type=\"widget\" data-widget_type=\"spacer.default\">\n\t\t\t\t<div class=\"elementor-widget-container\">\n\t\t\t\t\t<div class=\"elementor-spacer\">\n\t\t\t<div class=\"elementor-spacer-inner\"><\/div>\n\t\t<\/div>\n\t\t\t\t<\/div>\n\t\t\t\t<\/div>\n\t\t\t\t<div class=\"elementor-element elementor-element-a7de7d6 elementor-widget elementor-widget-text-editor\" data-id=\"a7de7d6\" data-element_type=\"widget\" data-widget_type=\"text-editor.default\">\n\t\t\t\t<div class=\"elementor-widget-container\">\n\t\t\t<style>\/*! elementor - v3.23.0 - 25-07-2024 *\/\n.elementor-widget-text-editor.elementor-drop-cap-view-stacked .elementor-drop-cap{background-color:#69727d;color:#fff}.elementor-widget-text-editor.elementor-drop-cap-view-framed .elementor-drop-cap{color:#69727d;border:3px solid;background-color:transparent}.elementor-widget-text-editor:not(.elementor-drop-cap-view-default) .elementor-drop-cap{margin-top:8px}.elementor-widget-text-editor:not(.elementor-drop-cap-view-default) .elementor-drop-cap-letter{width:1em;height:1em}.elementor-widget-text-editor .elementor-drop-cap{float:left;text-align:center;line-height:1;font-size:50px}.elementor-widget-text-editor .elementor-drop-cap-letter{display:inline-block}<\/style>\t\t\t\t<p>Brindamos asesoramiento tanto a proyectos mineros como a minas en plena operaci\u00f3n, hemos intervenido en numerosas operaciones de adquisici\u00f3n, negociaci\u00f3n y transferencia de derechos y propiedades mineras, incluyendo la realizaci\u00f3n de\u00a0duediligence\u00a0y evaluaci\u00f3n de t\u00edtulos, redacci\u00f3n y an\u00e1lisis de contratos, elaboraci\u00f3n de Estudios de Factibilidad, tramitaci\u00f3n y seguimiento de permisos, defensa de derechos adquiridos y de r\u00e9gimenes promocionales, entre otras. Hemos participado y colaborado activamente en el dise\u00f1o y preparaci\u00f3n de normativa administrativa minera a nivel provincial.<\/p>\n<p>Asesoramos en la valorizaci\u00f3n de sus activos, proyectos y propiedades en todas las etapas de su desarrollo. Entregamos modelos econ\u00f3micos t\u00e9cnicos que ayudan a nuestros clientes a comprender el valor de sus activos y a optimizar la planificaci\u00f3n durante el ciclo de vida de la miner\u00eda<\/p>\n<p>Ayudamos regularmente a nuestros clientes a evaluar los riesgos y oportunidades de sus proyectos. Esto implica identificar y analizar todos los aspectos, tanto t\u00e9cnicos como no t\u00e9cnicos, que enfrenta una empresa y despu\u00e9s definir las medidas de mitigaci\u00f3n para que los riesgos alcancen un nivel aceptable.<\/p>\n<p>Esto proporciona los cimientos s\u00f3lidos sobre los cuales se podr\u00e1n tomar decisiones bien informadas y con justificaci\u00f3n sobre c\u00f3mo usar mejor el presupuesto disponible o el capital de inversi\u00f3n.\u00a0<\/p>\t\t\t\t\t\t<\/div>\n\t\t\t\t<\/div>\n\t\t\t\t<div class=\"elementor-element elementor-element-32d1d02 elementor-widget elementor-widget-heading\" data-id=\"32d1d02\" data-element_type=\"widget\" data-widget_type=\"heading.default\">\n\t\t\t\t<div class=\"elementor-widget-container\">\n\t\t\t<style>\/*! elementor - v3.23.0 - 25-07-2024 *\/\n.elementor-heading-title{padding:0;margin:0;line-height:1}.elementor-widget-heading .elementor-heading-title[class*=elementor-size-]>a{color:inherit;font-size:inherit;line-height:inherit}.elementor-widget-heading .elementor-heading-title.elementor-size-small{font-size:15px}.elementor-widget-heading .elementor-heading-title.elementor-size-medium{font-size:19px}.elementor-widget-heading .elementor-heading-title.elementor-size-large{font-size:29px}.elementor-widget-heading .elementor-heading-title.elementor-size-xl{font-size:39px}.elementor-widget-heading .elementor-heading-title.elementor-size-xxl{font-size:59px}<\/style><h3 class=\"elementor-heading-title elementor-size-default\">Propiedades Mineras para Invertir y Desarrollar<\/h3>\t\t<\/div>\n\t\t\t\t<\/div>\n\t\t\t\t<div class=\"elementor-element elementor-element-0fc2c76 elementor-arrows-position-outside elementor-widget__width-inherit elementor-widget elementor-widget-image-carousel\" data-id=\"0fc2c76\" data-element_type=\"widget\" data-settings=\"{&quot;slides_to_show&quot;:&quot;1&quot;,&quot;navigation&quot;:&quot;arrows&quot;,&quot;autoplay&quot;:&quot;yes&quot;,&quot;pause_on_hover&quot;:&quot;yes&quot;,&quot;pause_on_interaction&quot;:&quot;yes&quot;,&quot;autoplay_speed&quot;:5000,&quot;infinite&quot;:&quot;yes&quot;,&quot;effect&quot;:&quot;slide&quot;,&quot;speed&quot;:500}\" data-widget_type=\"image-carousel.default\">\n\t\t\t\t<div class=\"elementor-widget-container\">\n\t\t\t<style>\/*! elementor - v3.23.0 - 25-07-2024 *\/\n.elementor-widget-image-carousel .swiper,.elementor-widget-image-carousel .swiper-container{position:static}.elementor-widget-image-carousel .swiper-container .swiper-slide figure,.elementor-widget-image-carousel .swiper .swiper-slide figure{line-height:inherit}.elementor-widget-image-carousel .swiper-slide{text-align:center}.elementor-image-carousel-wrapper:not(.swiper-container-initialized):not(.swiper-initialized) .swiper-slide{max-width:calc(100% \/ var(--e-image-carousel-slides-to-show, 3))}<\/style>\t\t<div class=\"elementor-image-carousel-wrapper swiper\" dir=\"ltr\">\n\t\t\t<div class=\"elementor-image-carousel swiper-wrapper\" aria-live=\"off\">\n\t\t\t\t\t\t\t\t<div class=\"swiper-slide\" role=\"group\" aria-roledescription=\"slide\" aria-label=\"1 of 3\"><a data-elementor-open-lightbox=\"yes\" data-elementor-lightbox-slideshow=\"0fc2c76\" data-elementor-lightbox-title=\"WhatsApp Image 2024-08-05 at 22.17.47\" data-e-action-hash=\"#elementor-action%3Aaction%3Dlightbox%26settings%3DeyJpZCI6NDAyLCJ1cmwiOiJodHRwczpcL1wvcm9ibGVkb2Fib2cuY29tXC93cC1jb250ZW50XC91cGxvYWRzXC8yMDI0XC8wOFwvV2hhdHNBcHAtSW1hZ2UtMjAyNC0wOC0wNS1hdC0yMi4xNy40Ny5qcGVnIiwic2xpZGVzaG93IjoiMGZjMmM3NiJ9\" href=\"https:\/\/robledoabog.com\/wp-content\/uploads\/2024\/08\/WhatsApp-Image-2024-08-05-at-22.17.47.jpeg\"><figure class=\"swiper-slide-inner\"><img decoding=\"async\" class=\"swiper-slide-image\" src=\"https:\/\/robledoabog.com\/wp-content\/uploads\/2024\/08\/WhatsApp-Image-2024-08-05-at-22.17.47.jpeg\" alt=\"WhatsApp Image 2024-08-05 at 22.17.47\" \/><\/figure><\/a><\/div><div class=\"swiper-slide\" role=\"group\" aria-roledescription=\"slide\" aria-label=\"2 of 3\"><a data-elementor-open-lightbox=\"yes\" data-elementor-lightbox-slideshow=\"0fc2c76\" data-elementor-lightbox-title=\"WhatsApp Image 2024-08-05 at 22.17.45\" data-e-action-hash=\"#elementor-action%3Aaction%3Dlightbox%26settings%3DeyJpZCI6NDAzLCJ1cmwiOiJodHRwczpcL1wvcm9ibGVkb2Fib2cuY29tXC93cC1jb250ZW50XC91cGxvYWRzXC8yMDI0XC8wOFwvV2hhdHNBcHAtSW1hZ2UtMjAyNC0wOC0wNS1hdC0yMi4xNy40NS5qcGVnIiwic2xpZGVzaG93IjoiMGZjMmM3NiJ9\" href=\"https:\/\/robledoabog.com\/wp-content\/uploads\/2024\/08\/WhatsApp-Image-2024-08-05-at-22.17.45.jpeg\"><figure class=\"swiper-slide-inner\"><img decoding=\"async\" class=\"swiper-slide-image\" src=\"https:\/\/robledoabog.com\/wp-content\/uploads\/2024\/08\/WhatsApp-Image-2024-08-05-at-22.17.45.jpeg\" alt=\"WhatsApp Image 2024-08-05 at 22.17.45\" \/><\/figure><\/a><\/div><div class=\"swiper-slide\" role=\"group\" aria-roledescription=\"slide\" aria-label=\"3 of 3\"><a data-elementor-open-lightbox=\"yes\" data-elementor-lightbox-slideshow=\"0fc2c76\" data-elementor-lightbox-title=\"WhatsApp Image 2024-08-05 at 22.17.44\" data-e-action-hash=\"#elementor-action%3Aaction%3Dlightbox%26settings%3DeyJpZCI6NDA0LCJ1cmwiOiJodHRwczpcL1wvcm9ibGVkb2Fib2cuY29tXC93cC1jb250ZW50XC91cGxvYWRzXC8yMDI0XC8wOFwvV2hhdHNBcHAtSW1hZ2UtMjAyNC0wOC0wNS1hdC0yMi4xNy40NC5qcGVnIiwic2xpZGVzaG93IjoiMGZjMmM3NiJ9\" href=\"https:\/\/robledoabog.com\/wp-content\/uploads\/2024\/08\/WhatsApp-Image-2024-08-05-at-22.17.44.jpeg\"><figure class=\"swiper-slide-inner\"><img decoding=\"async\" class=\"swiper-slide-image\" src=\"https:\/\/robledoabog.com\/wp-content\/uploads\/2024\/08\/WhatsApp-Image-2024-08-05-at-22.17.44.jpeg\" alt=\"WhatsApp Image 2024-08-05 at 22.17.44\" \/><\/figure><\/a><\/div>\t\t\t<\/div>\n\t\t\t\t\t\t\t\t\t\t\t\t<div class=\"elementor-swiper-button elementor-swiper-button-prev\" role=\"button\" tabindex=\"0\">\n\t\t\t\t\t\t<svg aria-hidden=\"true\" class=\"e-font-icon-svg e-eicon-chevron-left\" viewBox=\"0 0 1000 1000\" xmlns=\"http:\/\/www.w3.org\/2000\/svg\"><path d=\"M646 125C629 125 613 133 604 142L308 442C296 454 292 471 292 487 292 504 296 521 308 533L604 854C617 867 629 875 646 875 663 875 679 871 692 858 704 846 713 829 713 812 713 796 708 779 692 767L438 487 692 225C700 217 708 204 708 187 708 171 704 154 692 142 675 129 663 125 646 125Z\"><\/path><\/svg>\t\t\t\t\t<\/div>\n\t\t\t\t\t<div class=\"elementor-swiper-button elementor-swiper-button-next\" role=\"button\" tabindex=\"0\">\n\t\t\t\t\t\t<svg aria-hidden=\"true\" class=\"e-font-icon-svg e-eicon-chevron-right\" viewBox=\"0 0 1000 1000\" xmlns=\"http:\/\/www.w3.org\/2000\/svg\"><path d=\"M696 533C708 521 713 504 713 487 713 471 708 454 696 446L400 146C388 133 375 125 354 125 338 125 325 129 313 142 300 154 292 171 292 187 292 204 296 221 308 233L563 492 304 771C292 783 288 800 288 817 288 833 296 850 308 863 321 871 338 875 354 875 371 875 388 867 400 854L696 533Z\"><\/path><\/svg>\t\t\t\t\t<\/div>\n\t\t\t\t\n\t\t\t\t\t\t\t\t\t<\/div>\n\t\t\t\t<\/div>\n\t\t\t\t<\/div>\n\t\t\t\t<div class=\"elementor-element elementor-element-bff014d elementor-widget elementor-widget-text-editor\" data-id=\"bff014d\" data-element_type=\"widget\" data-widget_type=\"text-editor.default\">\n\t\t\t\t<div class=\"elementor-widget-container\">\n\t\t\t\t\t\t\t<p><em>&#8220;Disponibles m\u00e1s de 70 concesiones mineras para invertir y desarrollar.&#8221;<\/em><\/p>\t\t\t\t\t\t<\/div>\n\t\t\t\t<\/div>\n\t\t\t\t<div class=\"elementor-element elementor-element-f71e1a9 elementor-widget elementor-widget-spacer\" data-id=\"f71e1a9\" data-element_type=\"widget\" data-widget_type=\"spacer.default\">\n\t\t\t\t<div class=\"elementor-widget-container\">\n\t\t\t\t\t<div class=\"elementor-spacer\">\n\t\t\t<div class=\"elementor-spacer-inner\"><\/div>\n\t\t<\/div>\n\t\t\t\t<\/div>\n\t\t\t\t<\/div>\n\t\t\t\t<div class=\"elementor-element elementor-element-510b022 elementor-widget elementor-widget-heading\" data-id=\"510b022\" data-element_type=\"widget\" data-widget_type=\"heading.default\">\n\t\t\t\t<div class=\"elementor-widget-container\">\n\t\t\t<h2 class=\"elementor-heading-title elementor-size-default\">Minerales<\/h2>\t\t<\/div>\n\t\t\t\t<\/div>\n\t\t\t\t\t<\/div>\n\t\t\t\t<\/div>\n\t\t<div class=\"elementor-element elementor-element-c13b365 e-flex e-con-boxed e-con e-parent\" data-id=\"c13b365\" data-element_type=\"container\">\n\t\t\t\t\t<div class=\"e-con-inner\">\n\t\t<div class=\"elementor-element elementor-element-df26c48 e-con-full e-flex e-con e-child\" data-id=\"df26c48\" data-element_type=\"container\">\n\t\t\t\t<div class=\"elementor-element elementor-element-73e6aa9 elementor-widget elementor-widget-image\" data-id=\"73e6aa9\" data-element_type=\"widget\" data-widget_type=\"image.default\">\n\t\t\t\t<div class=\"elementor-widget-container\">\n\t\t\t\t\t\t\t\t\t\t<figure class=\"wp-caption\">\n\t\t\t\t\t\t\t\t\t\t\t<a href=\"https:\/\/robledoabog.com\/?page_id=478\">\n\t\t\t\t\t\t\t<img decoding=\"async\" width=\"750\" height=\"750\" src=\"https:\/\/robledoabog.com\/wp-content\/uploads\/2024\/08\/WhatsApp-Image-2024-08-05-at-09.55.05-1-1024x1024.jpeg\" class=\"attachment-large size-large wp-image-421\" alt=\"\" srcset=\"https:\/\/robledoabog.com\/wp-content\/uploads\/2024\/08\/WhatsApp-Image-2024-08-05-at-09.55.05-1-1024x1024.jpeg 1024w, https:\/\/robledoabog.com\/wp-content\/uploads\/2024\/08\/WhatsApp-Image-2024-08-05-at-09.55.05-1-300x300.jpeg 300w, https:\/\/robledoabog.com\/wp-content\/uploads\/2024\/08\/WhatsApp-Image-2024-08-05-at-09.55.05-1-150x150.jpeg 150w, https:\/\/robledoabog.com\/wp-content\/uploads\/2024\/08\/WhatsApp-Image-2024-08-05-at-09.55.05-1-768x768.jpeg 768w, https:\/\/robledoabog.com\/wp-content\/uploads\/2024\/08\/WhatsApp-Image-2024-08-05-at-09.55.05-1.jpeg 1080w\" sizes=\"(max-width: 750px) 100vw, 750px\" \/>\t\t\t\t\t\t\t\t<\/a>\n\t\t\t\t\t\t\t\t\t\t\t<figcaption class=\"widget-image-caption wp-caption-text\">NIQUEL<\/figcaption>\n\t\t\t\t\t\t\t\t\t\t<\/figure>\n\t\t\t\t\t\t\t<\/div>\n\t\t\t\t<\/div>\n\t\t\t\t<div class=\"elementor-element elementor-element-6b01677 elementor-widget elementor-widget-image\" data-id=\"6b01677\" data-element_type=\"widget\" data-widget_type=\"image.default\">\n\t\t\t\t<div class=\"elementor-widget-container\">\n\t\t\t\t\t\t\t\t\t\t<figure class=\"wp-caption\">\n\t\t\t\t\t\t\t\t\t\t\t<a href=\"https:\/\/robledoabog.com\/?page_id=454\">\n\t\t\t\t\t\t\t<img decoding=\"async\" width=\"750\" height=\"500\" src=\"https:\/\/robledoabog.com\/wp-content\/uploads\/2024\/08\/1366_2000-1024x683.jpg\" class=\"attachment-large size-large wp-image-539\" alt=\"\" srcset=\"https:\/\/robledoabog.com\/wp-content\/uploads\/2024\/08\/1366_2000-1024x683.jpg 1024w, https:\/\/robledoabog.com\/wp-content\/uploads\/2024\/08\/1366_2000-300x200.jpg 300w, https:\/\/robledoabog.com\/wp-content\/uploads\/2024\/08\/1366_2000-768x512.jpg 768w, https:\/\/robledoabog.com\/wp-content\/uploads\/2024\/08\/1366_2000-360x240.jpg 360w, https:\/\/robledoabog.com\/wp-content\/uploads\/2024\/08\/1366_2000.jpg 1366w\" sizes=\"(max-width: 750px) 100vw, 750px\" \/>\t\t\t\t\t\t\t\t<\/a>\n\t\t\t\t\t\t\t\t\t\t\t<figcaption class=\"widget-image-caption wp-caption-text\">COBALTO<\/figcaption>\n\t\t\t\t\t\t\t\t\t\t<\/figure>\n\t\t\t\t\t\t\t<\/div>\n\t\t\t\t<\/div>\n\t\t\t\t<div class=\"elementor-element elementor-element-7be1da7 elementor-widget elementor-widget-image\" data-id=\"7be1da7\" data-element_type=\"widget\" data-widget_type=\"image.default\">\n\t\t\t\t<div class=\"elementor-widget-container\">\n\t\t\t\t\t\t\t\t\t\t<figure class=\"wp-caption\">\n\t\t\t\t\t\t\t\t\t\t\t<a href=\"https:\/\/robledoabog.com\/?page_id=466\">\n\t\t\t\t\t\t\t<img loading=\"lazy\" decoding=\"async\" width=\"650\" height=\"423\" src=\"https:\/\/robledoabog.com\/wp-content\/uploads\/2024\/08\/WhatsApp-Image-2024-08-05-at-09.56.19.jpeg\" class=\"attachment-large size-large wp-image-390\" alt=\"\" srcset=\"https:\/\/robledoabog.com\/wp-content\/uploads\/2024\/08\/WhatsApp-Image-2024-08-05-at-09.56.19.jpeg 650w, https:\/\/robledoabog.com\/wp-content\/uploads\/2024\/08\/WhatsApp-Image-2024-08-05-at-09.56.19-300x195.jpeg 300w\" sizes=\"(max-width: 650px) 100vw, 650px\" \/>\t\t\t\t\t\t\t\t<\/a>\n\t\t\t\t\t\t\t\t\t\t\t<figcaption class=\"widget-image-caption wp-caption-text\">TIERRAS RARAS<\/figcaption>\n\t\t\t\t\t\t\t\t\t\t<\/figure>\n\t\t\t\t\t\t\t<\/div>\n\t\t\t\t<\/div>\n\t\t\t\t<div class=\"elementor-element elementor-element-55988ca elementor-widget elementor-widget-spacer\" data-id=\"55988ca\" data-element_type=\"widget\" data-widget_type=\"spacer.default\">\n\t\t\t\t<div class=\"elementor-widget-container\">\n\t\t\t\t\t<div class=\"elementor-spacer\">\n\t\t\t<div class=\"elementor-spacer-inner\"><\/div>\n\t\t<\/div>\n\t\t\t\t<\/div>\n\t\t\t\t<\/div>\n\t\t\t\t<div class=\"elementor-element elementor-element-cf7369f elementor-widget elementor-widget-image\" data-id=\"cf7369f\" data-element_type=\"widget\" data-widget_type=\"image.default\">\n\t\t\t\t<div class=\"elementor-widget-container\">\n\t\t\t\t\t\t\t\t\t\t<figure class=\"wp-caption\">\n\t\t\t\t\t\t\t\t\t\t\t<a href=\"https:\/\/robledoabog.com\/?page_id=484\">\n\t\t\t\t\t\t\t<img loading=\"lazy\" decoding=\"async\" width=\"750\" height=\"422\" src=\"https:\/\/robledoabog.com\/wp-content\/uploads\/2024\/08\/Sabes-que-es-la-diatomita-1024x576.jpg\" class=\"attachment-large size-large wp-image-422\" alt=\"\" srcset=\"https:\/\/robledoabog.com\/wp-content\/uploads\/2024\/08\/Sabes-que-es-la-diatomita-1024x576.jpg 1024w, https:\/\/robledoabog.com\/wp-content\/uploads\/2024\/08\/Sabes-que-es-la-diatomita-300x169.jpg 300w, https:\/\/robledoabog.com\/wp-content\/uploads\/2024\/08\/Sabes-que-es-la-diatomita-768x432.jpg 768w, https:\/\/robledoabog.com\/wp-content\/uploads\/2024\/08\/Sabes-que-es-la-diatomita.jpg 1440w\" sizes=\"(max-width: 750px) 100vw, 750px\" \/>\t\t\t\t\t\t\t\t<\/a>\n\t\t\t\t\t\t\t\t\t\t\t<figcaption class=\"widget-image-caption wp-caption-text\">DIATOMITA<\/figcaption>\n\t\t\t\t\t\t\t\t\t\t<\/figure>\n\t\t\t\t\t\t\t<\/div>\n\t\t\t\t<\/div>\n\t\t\t\t<\/div>\n\t\t<div class=\"elementor-element elementor-element-398de04 e-con-full e-flex e-con e-child\" data-id=\"398de04\" data-element_type=\"container\">\n\t\t<div class=\"elementor-element elementor-element-c7aa804 e-con-full e-flex e-con e-child\" data-id=\"c7aa804\" data-element_type=\"container\">\n\t\t\t\t<div class=\"elementor-element elementor-element-5436895 elementor-widget elementor-widget-image\" data-id=\"5436895\" data-element_type=\"widget\" data-widget_type=\"image.default\">\n\t\t\t\t<div class=\"elementor-widget-container\">\n\t\t\t\t\t\t\t\t\t\t<figure class=\"wp-caption\">\n\t\t\t\t\t\t\t\t\t\t\t<a href=\"https:\/\/robledoabog.com\/?page_id=448\">\n\t\t\t\t\t\t\t<img loading=\"lazy\" decoding=\"async\" width=\"750\" height=\"391\" src=\"https:\/\/robledoabog.com\/wp-content\/uploads\/2024\/08\/WhatsApp-Image-2024-08-05-at-09.52.31.jpeg\" class=\"attachment-large size-large wp-image-393\" alt=\"\" srcset=\"https:\/\/robledoabog.com\/wp-content\/uploads\/2024\/08\/WhatsApp-Image-2024-08-05-at-09.52.31.jpeg 752w, https:\/\/robledoabog.com\/wp-content\/uploads\/2024\/08\/WhatsApp-Image-2024-08-05-at-09.52.31-300x156.jpeg 300w\" sizes=\"(max-width: 750px) 100vw, 750px\" \/>\t\t\t\t\t\t\t\t<\/a>\n\t\t\t\t\t\t\t\t\t\t\t<figcaption class=\"widget-image-caption wp-caption-text\">LITIO<\/figcaption>\n\t\t\t\t\t\t\t\t\t\t<\/figure>\n\t\t\t\t\t\t\t<\/div>\n\t\t\t\t<\/div>\n\t\t\t\t<\/div>\n\t\t<div class=\"elementor-element elementor-element-b8ad4e8 e-con-full e-flex e-con e-child\" data-id=\"b8ad4e8\" data-element_type=\"container\">\n\t\t\t\t<div class=\"elementor-element elementor-element-46d1dd9 elementor-widget elementor-widget-image\" data-id=\"46d1dd9\" data-element_type=\"widget\" data-widget_type=\"image.default\">\n\t\t\t\t<div class=\"elementor-widget-container\">\n\t\t\t\t\t\t\t\t\t\t<figure class=\"wp-caption\">\n\t\t\t\t\t\t\t\t\t\t\t<a href=\"https:\/\/robledoabog.com\/?page_id=472\">\n\t\t\t\t\t\t\t<img loading=\"lazy\" decoding=\"async\" width=\"400\" height=\"200\" src=\"https:\/\/robledoabog.com\/wp-content\/uploads\/2024\/08\/WhatsApp-Image-2024-08-05-at-09.54.00.jpeg\" class=\"attachment-large size-large wp-image-392\" alt=\"\" srcset=\"https:\/\/robledoabog.com\/wp-content\/uploads\/2024\/08\/WhatsApp-Image-2024-08-05-at-09.54.00.jpeg 400w, https:\/\/robledoabog.com\/wp-content\/uploads\/2024\/08\/WhatsApp-Image-2024-08-05-at-09.54.00-300x150.jpeg 300w\" sizes=\"(max-width: 400px) 100vw, 400px\" \/>\t\t\t\t\t\t\t\t<\/a>\n\t\t\t\t\t\t\t\t\t\t\t<figcaption class=\"widget-image-caption wp-caption-text\">COBRE ORO Y PLATA<\/figcaption>\n\t\t\t\t\t\t\t\t\t\t<\/figure>\n\t\t\t\t\t\t\t<\/div>\n\t\t\t\t<\/div>\n\t\t\t\t<div class=\"elementor-element elementor-element-122a9ea elementor-widget__width-initial elementor-widget elementor-widget-image\" data-id=\"122a9ea\" data-element_type=\"widget\" data-widget_type=\"image.default\">\n\t\t\t\t<div class=\"elementor-widget-container\">\n\t\t\t\t\t\t\t\t\t\t<figure class=\"wp-caption\">\n\t\t\t\t\t\t\t\t\t\t\t<a href=\"https:\/\/robledoabog.com\/?page_id=460\">\n\t\t\t\t\t\t\t<img decoding=\"async\" src=\"https:\/\/robledoabog.com\/wp-content\/uploads\/elementor\/thumbs\/gemstone-benefits-of-jade-stone-qs8hgfhy2fwa9tcy7znibgekeukwq0p3lb6gaathwk.jpg\" title=\"xr:d:DAF1nQ4ZFzs:663,j:6962978147864752075,t:23122219\" alt=\"xr:d:DAF1nQ4ZFzs:663,j:6962978147864752075,t:23122219\" loading=\"lazy\" \/>\t\t\t\t\t\t\t\t<\/a>\n\t\t\t\t\t\t\t\t\t\t\t<figcaption class=\"widget-image-caption wp-caption-text\">PIEDRAS SEMIPRECIOSAS<\/figcaption>\n\t\t\t\t\t\t\t\t\t\t<\/figure>\n\t\t\t\t\t\t\t<\/div>\n\t\t\t\t<\/div>\n\t\t\t\t<div class=\"elementor-element elementor-element-68744e5 elementor-widget elementor-widget-spacer\" data-id=\"68744e5\" data-element_type=\"widget\" data-widget_type=\"spacer.default\">\n\t\t\t\t<div class=\"elementor-widget-container\">\n\t\t\t\t\t<div class=\"elementor-spacer\">\n\t\t\t<div class=\"elementor-spacer-inner\"><\/div>\n\t\t<\/div>\n\t\t\t\t<\/div>\n\t\t\t\t<\/div>\n\t\t\t\t<\/div>\n\t\t\t\t<\/div>\n\t\t\t\t\t<\/div>\n\t\t\t\t<\/div>\n\t\t\t\t<\/div>\n\t\t","protected":false},"excerpt":{"rendered":"<p>Brindamos asesoramiento tanto a proyectos mineros como a minas en plena operaci\u00f3n, hemos intervenido en numerosas operaciones de adquisici\u00f3n, negociaci\u00f3n y transferencia de derechos y propiedades mineras, incluyendo la realizaci\u00f3n de\u00a0duediligence\u00a0y evaluaci\u00f3n de t\u00edtulos, redacci\u00f3n y an\u00e1lisis de contratos, elaboraci\u00f3n de Estudios de Factibilidad, tramitaci\u00f3n y seguimiento de permisos, defensa [&hellip;]<\/p>\n","protected":false},"author":1,"featured_media":0,"parent":0,"menu_order":0,"comment_status":"closed","ping_status":"closed","template":"","meta":{"_monsterinsights_skip_tracking":false,"_monsterinsights_sitenote_active":false,"_monsterinsights_sitenote_note":"","_monsterinsights_sitenote_category":0,"footnotes":""},"class_list":["post-170","page","type-page","status-publish","hentry"],"aioseo_notices":[],"_links":{"self":[{"href":"https:\/\/robledoabog.com\/index.php?rest_route=\/wp\/v2\/pages\/170"}],"collection":[{"href":"https:\/\/robledoabog.com\/index.php?rest_route=\/wp\/v2\/pages"}],"about":[{"href":"https:\/\/robledoabog.com\/index.php?rest_route=\/wp\/v2\/types\/page"}],"author":[{"embeddable":true,"href":"https:\/\/robledoabog.com\/index.php?rest_route=\/wp\/v2\/users\/1"}],"replies":[{"embeddable":true,"href":"https:\/\/robledoabog.com\/index.php?rest_route=%2Fwp%2Fv2%2Fcomments&post=170"}],"version-history":[{"count":76,"href":"https:\/\/robledoabog.com\/index.php?rest_route=\/wp\/v2\/pages\/170\/revisions"}],"predecessor-version":[{"id":1126,"href":"https:\/\/robledoabog.com\/index.php?rest_route=\/wp\/v2\/pages\/170\/revisions\/1126"}],"wp:attachment":[{"href":"https:\/\/robledoabog.com\/index.php?rest_route=%2Fwp%2Fv2%2Fmedia&parent=170"}],"curies":[{"name":"wp","href":"https:\/\/api.w.org\/{rel}","templated":true}]}}